{"id":46,"date":"2024-06-13T11:36:40","date_gmt":"2024-06-13T09:36:40","guid":{"rendered":"http:\/\/mail.lesarchesdulac.com\/?page_id=46"},"modified":"2025-07-17T09:33:58","modified_gmt":"2025-07-17T07:33:58","slug":"general-terms-and-conditions-of-sale","status":"publish","type":"page","link":"https:\/\/www.lesarchesdulac.com\/en\/general-terms-and-conditions-of-sale","title":{"rendered":"Terms and conditions of sale"},"content":{"rendered":"<div class=\"brz-root__container brz-reset-all brz brz-root__container-page\">\n<section id=\"a574ee3642b7c1b472a5_nMxYrjL3vMSv\" class=\"brz-section brz-css-13hxz4b brz-css-ye95hs\">\n<div class=\"brz-section__content brz-section--boxed brz-css-tym34e brz-css-ws7hch\" data-brz-custom-id=\"n7QwiUFc8KhY\">\n<div class=\"brz-bg\">\n<div class=\"brz-bg-color\"><\/div>\n<\/div>\n<div class=\"brz-container brz-css-kjyla0 brz-css-rey340\">\n<div id=\"\" class=\"brz-css-161ma9u brz-css-hoy2q9 brz-wrapper\">\n<div class=\"brz-wp__breadcrumbs brz-css-vqb0d5 brz-css-3zvwru\" data-brz-custom-id=\"ey_9A1k3541k\">\n<div style=\"min-height:20px\"><\/div>\n<\/div>\n<\/div>\n<div id=\"\" class=\"brz-css-161ma9u brz-css-5oqoxr brz-css-184xg11 brz-wrapper\">\n<div class=\"brz-spacer brz-css-upjfs9 brz-css-1s4jetc\"><\/div>\n<\/div>\n<div id=\"\" class=\"brz-css-161ma9u brz-css-rd58da brz-wrapper\">\n<div class=\"brz-rich-text brz-rich-text__custom brz-css-e1wvt4 brz-css-1fsoqkp\" data-brz-custom-id=\"ad135qf_ZOPE\">\n<div data-brz-translate-text=\"1\">\n<p class=\"brz-tp-lg-paragraph brz-mb-lg-10 brz-css-pvZS2\" data-uniq-id=\"izp5u\" data-generated-css=\"brz-css-yx2Ya\"><strong class=\"brz-cp-color7\" style=\"color: rgb(34, 34, 34); background-color: transparent;\">1. BOOKING CONDITIONS<\/strong><\/p>\n<p class=\"brz-tp-lg-paragraph brz-css-hfGwL\" data-uniq-id=\"rXkGu\" data-generated-css=\"brz-css-kZLFx\"><span class=\"brz-cp-color7\" style=\"color: rgb(95, 96, 96); background-color: transparent;\">100% of the cost of the stay is due on booking.<\/span><\/p>\n<p class=\"brz-tp-lg-paragraph brz-css-nfEPa\" data-uniq-id=\"sXg4W\" data-generated-css=\"brz-css-yh1xp\"><span class=\"brz-cp-color7\" style=\"color: rgb(95, 96, 96); background-color: transparent;\">Payment methods accepted: bank cards.<\/span><\/p>\n<p class=\"brz-tp-lg-paragraph brz-css-bGV7O\" data-uniq-id=\"hpLry\" data-generated-css=\"brz-css-pubx_\"><span class=\"brz-cp-color7\" style=\"color: rgb(95, 96, 96); background-color: transparent;\">In accordance with article L.121-21-8 of the French Consumer Code, we hereby inform you that the provision of accommodation services, which must be supplied on a specific date or for a specific period, are not subject to the 14-day right of withdrawal.<\/span><\/p>\n<p class=\"brz-tp-lg-paragraph brz-css-nXmML\" data-uniq-id=\"hMwHX\" data-generated-css=\"brz-css-sgxny\"><span class=\"brz-cp-color7\" style=\"color: rgb(95, 96, 96); background-color: transparent;\">An online booking is equivalent to signing a rental contract.<\/span><\/p>\n<p class=\"brz-tp-lg-paragraph brz-css-mANhl\" data-uniq-id=\"bBLpp\" data-generated-css=\"brz-css-fpztP\"><span class=\"brz-cp-color7\" style=\"color: rgb(95, 96, 96); background-color: transparent;\"> <\/span><\/p>\n<p class=\"brz-tp-lg-paragraph brz-css-mVVSd\" data-uniq-id=\"q9AkO\" data-generated-css=\"brz-css-nsVJA\"><strong class=\"brz-cp-color7\" style=\"color: rgb(34, 34, 34); background-color: transparent;\">2. RATES AND TOURIST TAX<\/strong><\/p>\n<p class=\"brz-tp-lg-paragraph brz-css-mkSRt\" data-uniq-id=\"b8kCT\" data-generated-css=\"brz-css-eCkD9\"><span class=\"brz-cp-color7\" style=\"color: rgb(95, 96, 96); background-color: transparent;\">Tourist tax must be paid on booking.<\/span><\/p>\n<p class=\"brz-tp-lg-paragraph brz-css-th47N\" data-uniq-id=\"lZl5y\" data-generated-css=\"brz-css-gRZDu\"><span class=\"brz-cp-color7\" style=\"color: rgb(95, 96, 96); background-color: transparent;\">Our prices are per night, for 2 people. Towels, bath towels and household linen, cleaning products and accessories, access to the spa and swimming pool and parking space are included in the price.<\/span><\/p>\n<p class=\"brz-tp-lg-paragraph brz-css-ka2bL\" data-uniq-id=\"l7HxW\" data-generated-css=\"brz-css-uaRfa\"><span class=\"brz-cp-color7\" style=\"color: rgb(95, 96, 96); background-color: transparent;\">A menu of services is also available. Orders can be placed at the time of booking, before your arrival, or during your stay.<\/span><\/p>\n<p class=\"brz-tp-lg-paragraph brz-css-varvk\" data-uniq-id=\"nPvEp\" data-generated-css=\"brz-css-xIAfb\"><span class=\"brz-cp-color7\" style=\"color: rgb(95, 96, 96); background-color: transparent;\">No discount will be granted for early departure or late arrival.<\/span><\/p>\n<p class=\"brz-tp-lg-paragraph brz-css-tdwfC\" data-uniq-id=\"kovdT\" data-generated-css=\"brz-css-tXiTF\"><span class=\"brz-cp-color7\" style=\"color: rgb(95, 96, 96); background-color: transparent;\"> <\/span><\/p>\n<p class=\"brz-tp-lg-paragraph brz-mb-lg-10 brz-css-jgQJj\" data-uniq-id=\"q_x9n\" data-generated-css=\"brz-css-vhTEk\"><strong class=\"brz-cp-color7\" style=\"color: rgb(34, 34, 34); background-color: transparent;\">3. SECURITY DEPOSIT<\/strong><\/p>\n<p class=\"brz-tp-lg-paragraph brz-css-dXVsr\" data-uniq-id=\"qHcBm\" data-generated-css=\"brz-css-uDxSn\"><span class=\"brz-cp-color7\" style=\"color: rgb(95, 96, 96); background-color: transparent;\">A deposit is required on booking.<\/span><\/p>\n<p class=\"brz-tp-lg-paragraph brz-css-bUAVZ\" data-uniq-id=\"aNiLr\" data-generated-css=\"brz-css-rxl26\"><span class=\"brz-cp-color7\" style=\"color: rgb(95, 96, 96); background-color: transparent;\">An inventory of fixtures will be drawn up on arrival and departure.&nbsp;<\/span><\/p>\n<p class=\"brz-tp-lg-paragraph brz-css-lKFEd\" data-uniq-id=\"drJLj\" data-generated-css=\"brz-css-hSqqn\"><span class=\"brz-cp-color7\" style=\"color: rgb(95, 96, 96); background-color: transparent;\">If the inventory of fixtures on departure is in order, the security deposit will be returned to you in full. If this is not the case, all or part of the deposit will be retained to cover any missing equipment or to restore the g\u00eete to its original state. If the amount of the loss exceeds the amount of the security deposit, we will send you an invoice for the difference.&nbsp;<\/span><\/p>\n<p class=\"brz-tp-lg-paragraph brz-css-yWCjA\" data-uniq-id=\"pbPkU\" data-generated-css=\"brz-css-xOrhC\"><span class=\"brz-cp-color7\" style=\"color: rgb(95, 96, 96); background-color: transparent;\"> <\/span><\/p>\n<p class=\"brz-tp-lg-paragraph brz-mb-lg-10 brz-css-xRlke\" data-uniq-id=\"g8Hgn\" data-generated-css=\"brz-css-d1FB3\"><strong class=\"brz-cp-color7\" style=\"color: rgb(34, 34, 34); background-color: transparent;\">4. CANCELLATION AND AMENDMENTS<\/strong><\/p>\n<p class=\"brz-tp-lg-empty brz-ff-proza_libre brz-ft-google brz-fs-lg-16 brz-fss-lg-px brz-fw-lg-500 brz-ls-lg-0 brz-lh-lg-1_7 brz-vfw-lg-400 brz-fwdth-lg-100 brz-fsft-lg-0 brz-css-muQ4C\" data-uniq-id=\"zvQfw\" data-generated-css=\"brz-css-bFe9r\"><span class=\"brz-cp-color7\" style=\"color: rgb(34, 34, 34); background-color: transparent;\">4.1 Cancellation by the customer<\/span><\/p>\n<p class=\"brz-tp-lg-paragraph brz-css-dL_1a\" data-uniq-id=\"waETj\" data-generated-css=\"brz-css-xrZtb\"><span class=\"brz-cp-color7\" style=\"color: rgb(95, 96, 96); background-color: transparent;\">In the event of serious illness, serious accident or the death of a close relative, your stay may be postponed to a later date or the cost of your booking may be refunded, subject to presentation of medical evidence or a death certificate.<\/span><\/p>\n<p class=\"brz-tp-lg-paragraph brz-css-mJZut\" data-uniq-id=\"mbNgB\" data-generated-css=\"brz-css-ly6pB\"><span class=\"brz-cp-color7\" style=\"color: rgb(95, 96, 96); background-color: transparent;\">Any stay that is interrupted or shortened (late arrival, early departure) due to the customer's fault will not be reimbursed.<\/span><\/p>\n<p class=\"brz-tp-lg-paragraph brz-mb-lg-10 brz-css-ngSm8\" data-uniq-id=\"bSCt7\" data-generated-css=\"brz-css-obAch\"><span class=\"brz-cp-color7\" style=\"color: rgb(95, 96, 96); background-color: transparent;\">For all other reasons:<\/span><\/p>\n<ul>\n<li class=\"brz-tp-lg-empty brz-ff-proza_libre brz-ft-google brz-fs-lg-16 brz-fss-lg-px brz-fw-lg-500 brz-ls-lg-0 brz-lh-lg-1_7 brz-vfw-lg-400 brz-fwdth-lg-100 brz-fsft-lg-0 brz-bcp-color7 brz-css-fwS1_\" data-uniq-id=\"hgjWO\" data-generated-css=\"brz-css-kP9vb\"><span class=\"brz-cp-color7\" style=\"background-color: transparent;\">Cancellation up to 30 days before the holiday:<\/span><\/li>\n<\/ul>\n<p class=\"brz-tp-lg-paragraph brz-mb-lg-10 brz-css-nRqdi\" data-uniq-id=\"fJE9L\" data-generated-css=\"brz-css-q20FB\"><span class=\"brz-cp-color7\" style=\"color: rgb(95, 96, 96); background-color: transparent;\">50% of the cost of the booking will be invoiced and is non-refundable.&nbsp;<\/span><\/p>\n<ul>\n<li class=\"brz-tp-lg-empty brz-ff-proza_libre brz-ft-google brz-fs-lg-16 brz-fss-lg-px brz-fw-lg-500 brz-ls-lg-0 brz-lh-lg-1_7 brz-vfw-lg-400 brz-fwdth-lg-100 brz-fsft-lg-0 brz-bcp-color7 brz-css-iPiIN\" data-uniq-id=\"tQdK8\" data-generated-css=\"brz-css-u3EeE\"><span class=\"brz-cp-color7\" style=\"background-color: transparent;\">Cancellation between 30 days and 15 days before the holiday:&nbsp;<\/span><\/li>\n<\/ul>\n<p class=\"brz-tp-lg-paragraph brz-mb-lg-10 brz-css-guITH\" data-uniq-id=\"kgAEp\" data-generated-css=\"brz-css-iq0gE\"><span class=\"brz-cp-color7\" style=\"color: rgb(95, 96, 96); background-color: transparent;\">75% of the total cost of the booking will be invoiced and is non-refundable.&nbsp;<\/span><\/p>\n<ul>\n<li class=\"brz-tp-lg-empty brz-ff-proza_libre brz-ft-google brz-fs-lg-16 brz-fss-lg-px brz-fw-lg-500 brz-ls-lg-0 brz-lh-lg-1_7 brz-vfw-lg-400 brz-fwdth-lg-100 brz-fsft-lg-0 brz-bcp-color7 brz-css-yIWAT\" data-uniq-id=\"iO4zt\" data-generated-css=\"brz-css-auDhb\" style=\"color: rgb(95, 96, 96);\"><span class=\"brz-cp-color7\" style=\"color: rgb(95, 96, 96); background-color: transparent;\">Cancellation between 15 days and the holiday start date, or in the event of a no-show :&nbsp;<\/span><\/li>\n<\/ul>\n<p class=\"brz-tp-lg-paragraph brz-mb-lg-10 brz-css-xYXXg\" data-uniq-id=\"fnsLz\" data-generated-css=\"brz-css-l1NO3\"><span class=\"brz-cp-color7\" style=\"color: rgb(95, 96, 96); background-color: transparent;\">100% of the cost of the booking will be invoiced and is non-refundable.<\/span><\/p>\n<p class=\"brz-tp-lg-empty brz-ff-proza_libre brz-ft-google brz-fs-lg-16 brz-fss-lg-px brz-fw-lg-500 brz-ls-lg-0 brz-lh-lg-1_7 brz-vfw-lg-400 brz-fwdth-lg-100 brz-fsft-lg-0 brz-css-yCTrW\" data-uniq-id=\"n3ujG\" data-generated-css=\"brz-css-mAMPW\"><span class=\"brz-cp-color7\" style=\"color: rgb(34, 34, 34); background-color: transparent;\">4.2 Cancellation for inappropriate behaviour<\/span><\/p>\n<p class=\"brz-tp-lg-paragraph brz-css-qQO9W\" data-uniq-id=\"xMQXU\" data-generated-css=\"brz-css-dqxpG\"><span class=\"brz-cp-color7\" style=\"color: rgb(95, 96, 96); background-color: transparent;\">In the event of inappropriate behaviour or failure to comply with the house rules, we reserve the right to terminate the booking.&nbsp;<\/span><\/p>\n<p class=\"brz-tp-lg-paragraph brz-css-ocK6q\" data-uniq-id=\"cwKit\" data-generated-css=\"brz-css-kBVuy\"><span class=\"brz-cp-color7\" style=\"color: rgb(95, 96, 96); background-color: transparent;\">The full amount of the stay will be retained by Les Arches du Lac.<\/span><\/p>\n<p class=\"brz-tp-lg-paragraph brz-css-oge62\" data-uniq-id=\"g1nvz\" data-generated-css=\"brz-css-t_oKY\"><span class=\"brz-cp-color7\" style=\"color: rgb(95, 96, 96); background-color: transparent;\"> <\/span><\/p>\n<p class=\"brz-tp-lg-paragraph brz-mb-lg-10 brz-css-zZhzM\" data-uniq-id=\"axS2h\" data-generated-css=\"brz-css-s4IHt\"><strong class=\"brz-cp-color7\" style=\"color: rgb(34, 34, 34); background-color: transparent;\">5. CAPACITY AND CHARACTERISTICS OF THE GITE<\/strong><\/p>\n<p class=\"brz-tp-lg-paragraph brz-css-yAoxE\" data-uniq-id=\"ko63x\" data-generated-css=\"brz-css-iY_fm\"><span class=\"brz-cp-color7\" style=\"color: rgb(95, 96, 96); background-color: transparent;\">The g\u00eete sleeps a maximum of 2 people, with the possibility of accommodating a child under the age of 2.<\/span><\/p>\n<p class=\"brz-tp-lg-paragraph brz-css-wT0wV\" data-uniq-id=\"jVjxR\" data-generated-css=\"brz-css-lAnGL\"><span class=\"brz-cp-color7\" style=\"color: rgb(95, 96, 96); background-color: transparent;\">The features and equipment of the g\u00eete are detailed in the inventory of fixtures and fittings.&nbsp;<\/span><\/p>\n<p class=\"brz-tp-lg-paragraph brz-css-dCcZU\" data-uniq-id=\"lOQbR\" data-generated-css=\"brz-css-lgxJ5\"><span class=\"brz-cp-color7\" style=\"color: rgb(95, 96, 96); background-color: transparent;\">Access to the spa and swimming pool must comply with the house rules. They are accessible every day from 10am to 8pm, in harmony with the occupants of the house. Swimming is unsupervised and is entirely your responsibility, and Les Arches du Lac cannot be held responsible for any problems.&nbsp;<\/span><\/p>\n<p class=\"brz-tp-lg-paragraph brz-css-pE4tH\" data-uniq-id=\"f1rKh\" data-generated-css=\"brz-css-i02n9\"><span class=\"brz-cp-color7\" style=\"color: rgb(95, 96, 96); background-color: transparent;\">The g\u00eete is non-smoking.&nbsp;<\/span><\/p>\n<p class=\"brz-tp-lg-paragraph brz-css-v3BQz\" data-uniq-id=\"j4llh\" data-generated-css=\"brz-css-x956Z\"><span class=\"brz-cp-color7\" style=\"color: rgb(95, 96, 96); background-color: transparent;\">Pets are not allowed.<\/span><\/p>\n<p class=\"brz-tp-lg-paragraph brz-css-qQnU_\" data-uniq-id=\"lXWzH\" data-generated-css=\"brz-css-foXjw\"><span class=\"brz-cp-color7\" style=\"color: rgb(95, 96, 96); background-color: transparent;\"> <\/span><\/p>\n<p class=\"brz-tp-lg-paragraph brz-mb-lg-10 brz-css-eUizz\" data-uniq-id=\"vz9xn\" data-generated-css=\"brz-css-iWaAg\"><strong class=\"brz-cp-color7\" style=\"color: rgb(34, 34, 34); background-color: transparent;\">6. CONDITIONS OF STAY<\/strong><\/p>\n<p class=\"brz-tp-lg-paragraph brz-mb-lg-10 brz-css-lSIm1\" data-uniq-id=\"qTqta\" data-generated-css=\"brz-css-iK_qk\"><span class=\"brz-cp-color7\" style=\"color: rgb(95, 96, 96); background-color: transparent;\">A private car park in the enclosed courtyard of the Maison des Arches du Lac is available, but is not supervised. We ask you not to leave any valuables there, and decline all responsibility in the event of an incident.<\/span><\/p>\n<p class=\"brz-tp-lg-paragraph brz-css-tagmE\" data-uniq-id=\"iS1SP\" data-generated-css=\"brz-css-iiExY\"><strong class=\"brz-cp-color7\" style=\"color: rgb(95, 96, 96); background-color: transparent;\">Arrival :<\/strong><\/p>\n<p class=\"brz-tp-lg-paragraph brz-css-yF5kO\" data-uniq-id=\"zRjsm\" data-generated-css=\"brz-css-gnQYu\"><span class=\"brz-cp-color7\" style=\"color: rgb(95, 96, 96); background-color: transparent;\">Weekday arrivals are from 6.30pm to 8.30pm, and at weekends from 5pm to 7pm.&nbsp;<\/span><\/p>\n<p class=\"brz-tp-lg-paragraph brz-css-o5U87\" data-uniq-id=\"umKpA\" data-generated-css=\"brz-css-dcXih\"><span class=\"brz-cp-color7\" style=\"color: rgb(95, 96, 96); background-color: transparent;\">Outside these times, you need to make a request.&nbsp;<\/span><\/p>\n<p class=\"brz-tp-lg-paragraph brz-mb-lg-10 brz-css-fF7Ud\" data-uniq-id=\"ggdWK\" data-generated-css=\"brz-css-hVifI\"><span class=\"brz-cp-color7\" style=\"color: rgb(95, 96, 96); background-color: transparent;\">Any delay must be reported.&nbsp;<\/span><\/p>\n<p class=\"brz-tp-lg-paragraph brz-css-cwjAM\" data-uniq-id=\"rwG3h\" data-generated-css=\"brz-css-atO74\"><strong class=\"brz-cp-color7\" style=\"color: rgb(95, 96, 96); background-color: transparent;\">Departure :<\/strong><\/p>\n<p class=\"brz-tp-lg-paragraph brz-css-rFd64\" data-uniq-id=\"kcluq\" data-generated-css=\"brz-css-nVmRJ\"><span class=\"brz-cp-color7\" style=\"color: rgb(95, 96, 96); background-color: transparent;\">Weekday and weekend departures take place until 10am, after the departure inventory has been checked and any services ordered during the stay have been paid for.&nbsp;<\/span><\/p>\n<p class=\"brz-tp-lg-paragraph brz-css-d65rJ\" data-uniq-id=\"vIEe_\" data-generated-css=\"brz-css-tF_8W\"><span class=\"brz-cp-color7\" style=\"color: rgb(95, 96, 96); background-color: transparent;\">Outside these times, you need to make a request.<\/span><\/p>\n<\/div>\n<\/div>\n<\/div>\n<\/div>\n<\/div>\n<\/section>\n<\/div>\n<p>    <!-- version:1752737638 --><\/p>","protected":false},"excerpt":{"rendered":"<p>1. BOOKING CONDITIONS 100% of the total cost of the stay is due on booking. Means of payment accepted: bank cards. In accordance with article L.121-21-8 of the French Consumer Code, we hereby inform you that the provision of accommodation services, which must be supplied on a specific date or for a specific period, are not subject to ... <a title=\"Terms and conditions of sale\" class=\"read-more\" href=\"https:\/\/www.lesarchesdulac.com\/en\/general-terms-and-conditions-of-sale\" aria-label=\"Read more about General terms and conditions of sale\">Read more<\/a><\/p>","protected":false},"author":1,"featured_media":1226,"parent":0,"menu_order":8,"comment_status":"closed","ping_status":"closed","template":"brizy-blank-template.php","meta":{"_seopress_robots_primary_cat":"","_seopress_titles_title":"Conditions g\u00e9n\u00e9rales de vente - Les Arches du Lac","_seopress_titles_desc":"D\u00e9couvrez les conditions g\u00e9n\u00e9rales de vente du G\u00eete des Arches du Lac \u00e0 Saint-Martin-l\u00e8s-Langres en Haute-Marne entre Champagne et Bourgogne.","_seopress_robots_index":"","footnotes":""},"class_list":["post-46","page","type-page","status-publish","has-post-thumbnail"],"_links":{"self":[{"href":"https:\/\/www.lesarchesdulac.com\/en\/wp-json\/wp\/v2\/pages\/46","targetHints":{"allow":["GET"]}}],"collection":[{"href":"https:\/\/www.lesarchesdulac.com\/en\/wp-json\/wp\/v2\/pages"}],"about":[{"href":"https:\/\/www.lesarchesdulac.com\/en\/wp-json\/wp\/v2\/types\/page"}],"author":[{"embeddable":true,"href":"https:\/\/www.lesarchesdulac.com\/en\/wp-json\/wp\/v2\/users\/1"}],"replies":[{"embeddable":true,"href":"https:\/\/www.lesarchesdulac.com\/en\/wp-json\/wp\/v2\/comments?post=46"}],"version-history":[{"count":1,"href":"https:\/\/www.lesarchesdulac.com\/en\/wp-json\/wp\/v2\/pages\/46\/revisions"}],"predecessor-version":[{"id":9433,"href":"https:\/\/www.lesarchesdulac.com\/en\/wp-json\/wp\/v2\/pages\/46\/revisions\/9433"}],"wp:featuredmedia":[{"embeddable":true,"href":"https:\/\/www.lesarchesdulac.com\/en\/wp-json\/wp\/v2\/media\/1226"}],"wp:attachment":[{"href":"https:\/\/www.lesarchesdulac.com\/en\/wp-json\/wp\/v2\/media?parent=46"}],"curies":[{"name":"wp","href":"https:\/\/api.w.org\/{rel}","templated":true}]}}